{"id":58,"date":"2023-11-15T08:23:46","date_gmt":"2023-11-15T07:23:46","guid":{"rendered":"https:\/\/blb-associates.com\/en\/?page_id=58"},"modified":"2024-04-13T20:15:05","modified_gmt":"2024-04-13T18:15:05","slug":"legal-notice","status":"publish","type":"page","link":"https:\/\/blb-associates.com\/en\/legal-notice\/","title":{"rendered":"Legal Notice"},"content":{"rendered":"<div class=\"wpb-content-wrapper\"><p>[vc_row full_width=\u00a0\u00bbstretch_row\u00a0\u00bb parallax=\u00a0\u00bbcontent-moving-fade\u00a0\u00bb parallax_image=\u00a0\u00bb11&Prime; css=\u00a0\u00bb.vc_custom_1700554023271{padding-top: 150px !important;padding-bottom: 50px !important;background-position: 0 0;background-repeat: no-repeat !important;}\u00a0\u00bb][vc_column][vc_custom_heading text=\u00a0\u00bbLegal Notice\u00a0\u00bb font_container=\u00a0\u00bbtag:h1|text_align:left\u00a0\u00bb google_fonts=\u00a0\u00bbfont_family:Open%20Sans%3A300%2C300italic%2Cregular%2Citalic%2C600%2C600italic%2C700%2C700italic%2C800%2C800italic|font_style:400%20regular%3A400%3Anormal\u00a0\u00bb el_class=\u00a0\u00bbh1-title\u00a0\u00bb][\/vc_column][\/vc_row][vc_row full_width=\u00a0\u00bbstretch_row\u00a0\u00bb css=\u00a0\u00bb.vc_custom_1519045488970{border-bottom-width: 1px !important;padding-top: 50px !important;padding-bottom: 50px !important;border-bottom-color: #eeeeee !important;}\u00a0\u00bb][vc_column css=\u00a0\u00bb.vc_custom_1696751203441{background-color: #f3ede4 !important;}\u00a0\u00bb][vc_row_inner][vc_column_inner][vc_column_text css=\u00a0\u00bb.vc_custom_1706376805108{margin-bottom: 0px !important;}\u00a0\u00bb]<\/p>\n<div>\n<p><strong>SITE EDITOR : <\/strong><b>blb-associates.com<\/b><\/p>\n<p>BLB Service Associates S\u00e0rl, Limited Liability Company, with its registered office at rue de la Corraterie 5, CH-1204 Geneva, registered in the Commercial Register of the Canton of Geneva, operating under the trade name \u00abBLB Service Associates\u00bb, repr\u00e9sente by Mr. J\u00e9r\u00e9mie Louet, in his capacity of Manager.<\/p>\n<p>&nbsp;<\/p>\n<\/div>\n<p>Email address : info(@)blb-associates.com<\/p>\n<p>&nbsp;<\/p>\n<p>Director of publication : J\u00e9r\u00e9mie Louet<\/p>\n<p>&nbsp;<\/p>\n<p>Enterprise Identification Number (IDE) : CHE-200.444.415<\/p>\n<p>&nbsp;<\/p>\n<p>VAT Registration : CHE-200.444.415 TVA<\/p>\n<p>&nbsp;<\/p>\n<p>&nbsp;<\/p>\n<div>\n<p><strong>DESIGN AND PRODUCTION : BLB Service Associates<\/strong><\/p>\n<p>HOST : OVH SAS, company incorporated under french law, whose head office is situated at 2 rue Kellerman, 59100 Roubaix, France.<br \/>\nWebsite : https:\/\/www.ovhcloud.com\/fr\/<\/p>\n<p>&nbsp;<\/p>\n<\/div>\n<div>\n<p><strong>Updated : January 2024<\/strong><\/p>\n<\/div>\n<p>[\/vc_column_text][vc_separator][\/vc_column_inner][\/vc_row_inner][\/vc_column][\/vc_row][vc_row][vc_column][vc_column_text]<\/p>\n<p>[\/vc_column_text][\/vc_column][\/vc_row]<\/p>\n<\/div>","protected":false},"excerpt":{"rendered":"<p>[vc_row full_width=\u00a0\u00bbstretch_row\u00a0\u00bb parallax=\u00a0\u00bbcontent-moving-fade\u00a0\u00bb parallax_image=\u00a0\u00bb11&Prime; css=\u00a0\u00bb.vc_custom_1700554023271{padding-top: 150px !important;padding-bottom: 50px !important;background-position: 0 0;background-repeat: no-repeat !important;}\u00a0\u00bb][vc_column][vc_custom_heading text=\u00a0\u00bbLegal Notice\u00a0\u00bb font_container=\u00a0\u00bbtag:h1|text_align:left\u00a0\u00bb google_fonts=\u00a0\u00bbfont_family:Open%20Sans%3A300%2C300italic%2Cregular%2Citalic%2C600%2C600italic%2C700%2C700italic%2C800%2C800italic|font_style:400%20regular%3A400%3Anormal\u00a0\u00bb el_class=\u00a0\u00bbh1-title\u00a0\u00bb][\/vc_column][\/vc_row][vc_row full_width=\u00a0\u00bbstretch_row\u00a0\u00bb css=\u00a0\u00bb.vc_custom_1519045488970{border-bottom-width: 1px !important;padding-top: 50px !important;padding-bottom: 50px !important;border-bottom-color: #eeeeee !important;}\u00a0\u00bb][vc_column css=\u00a0\u00bb.vc_custom_1696751203441{background-color: #f3ede4 !important;}\u00a0\u00bb][vc_row_inner][vc_column_inner][vc_column_text css=\u00a0\u00bb.vc_custom_1706376805108{margin-bottom: 0px !important;}\u00a0\u00bb] SITE EDITOR : blb-associates.com BLB Service Associates S\u00e0rl, Limited Liability Company, with its registered office at rue de la Corraterie 5,&hellip;<\/p>\n","protected":false},"author":1,"featured_media":0,"parent":0,"menu_order":0,"comment_status":"closed","ping_status":"closed","template":"","meta":{"_acf_changed":false,"footnotes":""},"class_list":["post-58","page","type-page","status-publish","hentry"],"yoast_head":"<!-- This site is optimized with the Yoast SEO plugin v25.6 - https:\/\/yoast.com\/wordpress\/plugins\/seo\/ -->\n<title>Legal Notice - BLB Service Associates<\/title>\n<meta name=\"robots\" content=\"index, follow, max-snippet:-1, max-image-preview:large, max-video-preview:-1\" \/>\n<link rel=\"canonical\" href=\"https:\/\/blb-associates.com\/en\/legal-notice\/\" \/>\n<meta property=\"og:locale\" content=\"fr_FR\" \/>\n<meta property=\"og:type\" content=\"article\" \/>\n<meta property=\"og:title\" content=\"Legal Notice - BLB Service Associates\" \/>\n<meta property=\"og:description\" content=\"[vc_row full_width=\u00a0\u00bbstretch_row\u00a0\u00bb parallax=\u00a0\u00bbcontent-moving-fade\u00a0\u00bb parallax_image=\u00a0\u00bb11&Prime; css=\u00a0\u00bb.vc_custom_1700554023271{padding-top: 150px !important;padding-bottom: 50px !important;background-position: 0 0;background-repeat: no-repeat !important;}\u00a0\u00bb][vc_column][vc_custom_heading text=\u00a0\u00bbLegal Notice\u00a0\u00bb font_container=\u00a0\u00bbtag:h1|text_align:left\u00a0\u00bb google_fonts=\u00a0\u00bbfont_family:Open%20Sans%3A300%2C300italic%2Cregular%2Citalic%2C600%2C600italic%2C700%2C700italic%2C800%2C800italic|font_style:400%20regular%3A400%3Anormal\u00a0\u00bb el_class=\u00a0\u00bbh1-title\u00a0\u00bb][\/vc_column][\/vc_row][vc_row full_width=\u00a0\u00bbstretch_row\u00a0\u00bb css=\u00a0\u00bb.vc_custom_1519045488970{border-bottom-width: 1px !important;padding-top: 50px !important;padding-bottom: 50px !important;border-bottom-color: #eeeeee !important;}\u00a0\u00bb][vc_column css=\u00a0\u00bb.vc_custom_1696751203441{background-color: #f3ede4 !important;}\u00a0\u00bb][vc_row_inner][vc_column_inner][vc_column_text css=\u00a0\u00bb.vc_custom_1706376805108{margin-bottom: 0px !important;}\u00a0\u00bb] SITE EDITOR : blb-associates.com BLB Service Associates S\u00e0rl, Limited Liability Company, with its registered office at rue de la Corraterie 5,&hellip;\" \/>\n<meta property=\"og:url\" content=\"https:\/\/blb-associates.com\/en\/legal-notice\/\" \/>\n<meta property=\"og:site_name\" content=\"BLB Service Associates\" \/>\n<meta property=\"article:modified_time\" content=\"2024-04-13T18:15:05+00:00\" \/>\n<meta name=\"twitter:card\" content=\"summary_large_image\" \/>\n<meta name=\"twitter:label1\" content=\"Dur\u00e9e de lecture estim\u00e9e\" \/>\n\t<meta name=\"twitter:data1\" content=\"1 minute\" \/>\n<script type=\"application\/ld+json\" class=\"yoast-schema-graph\">{\"@context\":\"https:\/\/schema.org\",\"@graph\":[{\"@type\":\"WebPage\",\"@id\":\"https:\/\/blb-associates.com\/en\/legal-notice\/\",\"url\":\"https:\/\/blb-associates.com\/en\/legal-notice\/\",\"name\":\"Legal Notice - BLB Service Associates\",\"isPartOf\":{\"@id\":\"https:\/\/blb-associates.com\/en\/#website\"},\"datePublished\":\"2023-11-15T07:23:46+00:00\",\"dateModified\":\"2024-04-13T18:15:05+00:00\",\"breadcrumb\":{\"@id\":\"https:\/\/blb-associates.com\/en\/legal-notice\/#breadcrumb\"},\"inLanguage\":\"fr-FR\",\"potentialAction\":[{\"@type\":\"ReadAction\",\"target\":[\"https:\/\/blb-associates.com\/en\/legal-notice\/\"]}]},{\"@type\":\"BreadcrumbList\",\"@id\":\"https:\/\/blb-associates.com\/en\/legal-notice\/#breadcrumb\",\"itemListElement\":[{\"@type\":\"ListItem\",\"position\":1,\"name\":\"Accueil\",\"item\":\"https:\/\/blb-associates.com\/en\/\"},{\"@type\":\"ListItem\",\"position\":2,\"name\":\"Legal Notice\"}]},{\"@type\":\"WebSite\",\"@id\":\"https:\/\/blb-associates.com\/en\/#website\",\"url\":\"https:\/\/blb-associates.com\/en\/\",\"name\":\"BLB Service Associates\",\"description\":\"The Ambassadors of your Reputation\",\"potentialAction\":[{\"@type\":\"SearchAction\",\"target\":{\"@type\":\"EntryPoint\",\"urlTemplate\":\"https:\/\/blb-associates.com\/en\/?s={search_term_string}\"},\"query-input\":{\"@type\":\"PropertyValueSpecification\",\"valueRequired\":true,\"valueName\":\"search_term_string\"}}],\"inLanguage\":\"fr-FR\"}]}<\/script>\n<!-- \/ Yoast SEO plugin. -->","yoast_head_json":{"title":"Legal Notice - BLB Service Associates","robots":{"index":"index","follow":"follow","max-snippet":"max-snippet:-1","max-image-preview":"max-image-preview:large","max-video-preview":"max-video-preview:-1"},"canonical":"https:\/\/blb-associates.com\/en\/legal-notice\/","og_locale":"fr_FR","og_type":"article","og_title":"Legal Notice - BLB Service Associates","og_description":"[vc_row full_width=\u00a0\u00bbstretch_row\u00a0\u00bb parallax=\u00a0\u00bbcontent-moving-fade\u00a0\u00bb parallax_image=\u00a0\u00bb11&Prime; css=\u00a0\u00bb.vc_custom_1700554023271{padding-top: 150px !important;padding-bottom: 50px !important;background-position: 0 0;background-repeat: no-repeat !important;}\u00a0\u00bb][vc_column][vc_custom_heading text=\u00a0\u00bbLegal Notice\u00a0\u00bb font_container=\u00a0\u00bbtag:h1|text_align:left\u00a0\u00bb google_fonts=\u00a0\u00bbfont_family:Open%20Sans%3A300%2C300italic%2Cregular%2Citalic%2C600%2C600italic%2C700%2C700italic%2C800%2C800italic|font_style:400%20regular%3A400%3Anormal\u00a0\u00bb el_class=\u00a0\u00bbh1-title\u00a0\u00bb][\/vc_column][\/vc_row][vc_row full_width=\u00a0\u00bbstretch_row\u00a0\u00bb css=\u00a0\u00bb.vc_custom_1519045488970{border-bottom-width: 1px !important;padding-top: 50px !important;padding-bottom: 50px !important;border-bottom-color: #eeeeee !important;}\u00a0\u00bb][vc_column css=\u00a0\u00bb.vc_custom_1696751203441{background-color: #f3ede4 !important;}\u00a0\u00bb][vc_row_inner][vc_column_inner][vc_column_text css=\u00a0\u00bb.vc_custom_1706376805108{margin-bottom: 0px !important;}\u00a0\u00bb] SITE EDITOR : blb-associates.com BLB Service Associates S\u00e0rl, Limited Liability Company, with its registered office at rue de la Corraterie 5,&hellip;","og_url":"https:\/\/blb-associates.com\/en\/legal-notice\/","og_site_name":"BLB Service Associates","article_modified_time":"2024-04-13T18:15:05+00:00","twitter_card":"summary_large_image","twitter_misc":{"Dur\u00e9e de lecture estim\u00e9e":"1 minute"},"schema":{"@context":"https:\/\/schema.org","@graph":[{"@type":"WebPage","@id":"https:\/\/blb-associates.com\/en\/legal-notice\/","url":"https:\/\/blb-associates.com\/en\/legal-notice\/","name":"Legal Notice - BLB Service Associates","isPartOf":{"@id":"https:\/\/blb-associates.com\/en\/#website"},"datePublished":"2023-11-15T07:23:46+00:00","dateModified":"2024-04-13T18:15:05+00:00","breadcrumb":{"@id":"https:\/\/blb-associates.com\/en\/legal-notice\/#breadcrumb"},"inLanguage":"fr-FR","potentialAction":[{"@type":"ReadAction","target":["https:\/\/blb-associates.com\/en\/legal-notice\/"]}]},{"@type":"BreadcrumbList","@id":"https:\/\/blb-associates.com\/en\/legal-notice\/#breadcrumb","itemListElement":[{"@type":"ListItem","position":1,"name":"Accueil","item":"https:\/\/blb-associates.com\/en\/"},{"@type":"ListItem","position":2,"name":"Legal Notice"}]},{"@type":"WebSite","@id":"https:\/\/blb-associates.com\/en\/#website","url":"https:\/\/blb-associates.com\/en\/","name":"BLB Service Associates","description":"The Ambassadors of your Reputation","potentialAction":[{"@type":"SearchAction","target":{"@type":"EntryPoint","urlTemplate":"https:\/\/blb-associates.com\/en\/?s={search_term_string}"},"query-input":{"@type":"PropertyValueSpecification","valueRequired":true,"valueName":"search_term_string"}}],"inLanguage":"fr-FR"}]}},"acf":[],"_links":{"self":[{"href":"https:\/\/blb-associates.com\/en\/wp-json\/wp\/v2\/pages\/58","targetHints":{"allow":["GET"]}}],"collection":[{"href":"https:\/\/blb-associates.com\/en\/wp-json\/wp\/v2\/pages"}],"about":[{"href":"https:\/\/blb-associates.com\/en\/wp-json\/wp\/v2\/types\/page"}],"author":[{"embeddable":true,"href":"https:\/\/blb-associates.com\/en\/wp-json\/wp\/v2\/users\/1"}],"replies":[{"embeddable":true,"href":"https:\/\/blb-associates.com\/en\/wp-json\/wp\/v2\/comments?post=58"}],"version-history":[{"count":4,"href":"https:\/\/blb-associates.com\/en\/wp-json\/wp\/v2\/pages\/58\/revisions"}],"predecessor-version":[{"id":230,"href":"https:\/\/blb-associates.com\/en\/wp-json\/wp\/v2\/pages\/58\/revisions\/230"}],"wp:attachment":[{"href":"https:\/\/blb-associates.com\/en\/wp-json\/wp\/v2\/media?parent=58"}],"curies":[{"name":"wp","href":"https:\/\/api.w.org\/{rel}","templated":true}]}}